{"id":2707,"date":"2025-01-03T11:53:22","date_gmt":"2025-01-03T16:53:22","guid":{"rendered":"https:\/\/shop.kabuttosoft.com\/index.php\/producto\/impresora-epson-l3250\/"},"modified":"2025-01-03T11:54:55","modified_gmt":"2025-01-03T16:54:55","slug":"impresora-epson-l3250","status":"publish","type":"product","link":"https:\/\/shop.kabuttosoft.com\/index.php\/producto\/impresora-epson-l3250\/","title":{"rendered":"Impresora Epson L3250"},"content":{"rendered":"<p>Impresora Epson L3250, impresi\u00f3n mediante conexi\u00f3n USB y Wi-fi usando la aplicaci\u00f3n desde la AppStore Epson Print, usa tinta Epson 544 premium.<\/p>\n","protected":false},"excerpt":{"rendered":"<p>Impresora Epson L3250, impresi\u00f3n mediante conexi\u00f3n USB y Wi-fi usando la aplicaci\u00f3n desde la AppStore Epson Print, usa tinta Epson 544 premium.<\/p>\n","protected":false},"featured_media":2706,"comment_status":"open","ping_status":"closed","template":"","meta":{"_monsterinsights_skip_tracking":false,"_monsterinsights_sitenote_active":false,"_monsterinsights_sitenote_note":"","_monsterinsights_sitenote_category":0},"product_brand":[],"product_cat":[59,73,18],"product_tag":[],"class_list":{"0":"post-2707","1":"product","2":"type-product","3":"status-publish","4":"has-post-thumbnail","6":"product_cat-epson","7":"product_cat-impresoras","8":"product_cat-todas","9":"thunk-woo-product-list","10":"opn-qv-enable","11":"open-woo-hover-zoom","12":"open-single-product-tab-horizontal","13":"open-shadow-","14":"open-shadow-hover-","16":"first","17":"instock","18":"sale","19":"taxable","20":"shipping-taxable","21":"purchasable","22":"product-type-simple"},"aioseo_notices":[],"jetpack_sharing_enabled":true,"_links":{"self":[{"href":"https:\/\/shop.kabuttosoft.com\/index.php\/wp-json\/wp\/v2\/product\/2707","targetHints":{"allow":["GET"]}}],"collection":[{"href":"https:\/\/shop.kabuttosoft.com\/index.php\/wp-json\/wp\/v2\/product"}],"about":[{"href":"https:\/\/shop.kabuttosoft.com\/index.php\/wp-json\/wp\/v2\/types\/product"}],"replies":[{"embeddable":true,"href":"https:\/\/shop.kabuttosoft.com\/index.php\/wp-json\/wp\/v2\/comments?post=2707"}],"wp:featuredmedia":[{"embeddable":true,"href":"https:\/\/shop.kabuttosoft.com\/index.php\/wp-json\/wp\/v2\/media\/2706"}],"wp:attachment":[{"href":"https:\/\/shop.kabuttosoft.com\/index.php\/wp-json\/wp\/v2\/media?parent=2707"}],"wp:term":[{"taxonomy":"product_brand","embeddable":true,"href":"https:\/\/shop.kabuttosoft.com\/index.php\/wp-json\/wp\/v2\/product_brand?post=2707"},{"taxonomy":"product_cat","embeddable":true,"href":"https:\/\/shop.kabuttosoft.com\/index.php\/wp-json\/wp\/v2\/product_cat?post=2707"},{"taxonomy":"product_tag","embeddable":true,"href":"https:\/\/shop.kabuttosoft.com\/index.php\/wp-json\/wp\/v2\/product_tag?post=2707"}],"curies":[{"name":"wp","href":"https:\/\/api.w.org\/{rel}","templated":true}]}}