{"id":2774,"date":"2026-03-18T09:19:47","date_gmt":"2026-03-18T14:19:47","guid":{"rendered":"https:\/\/shop.kabuttosoft.com\/index.php\/producto\/academic-web-student\/"},"modified":"2026-03-18T09:22:53","modified_gmt":"2026-03-18T14:22:53","slug":"academic-web-student","status":"publish","type":"product","link":"https:\/\/shop.kabuttosoft.com\/index.php\/producto\/academic-web-student\/","title":{"rendered":"Academic Web Student"},"content":{"rendered":"<p><strong>Sistema de Gesti\u00f3n acad\u00e9mica web<\/strong><\/p>\n<ul>\n<li>Creacion de usuarios docentes ilimitada<\/li>\n<li>Creacion de Grados ilimitados.<\/li>\n<li>Creacion de Asignaturas ilimitadas.<\/li>\n<li>Asignaci\u00f3n de Docente a grados.<\/li>\n<li>Ingreso de notas por asignaci\u00f3n.<\/li>\n<li>Reportes trimestrales.<\/li>\n<li>Ingreso de n\u00f3mina estudiantil masiva f\u00e1cil.<\/li>\n<li>Reportes trimestral, anual.<\/li>\n<li>Reporte de supletorios.<\/li>\n<\/ul>\n<p><strong>Integra adicionalmente<\/strong><\/p>\n<ul>\n<li>Dominio web 12 meses  *.con<\/li>\n<li>Hosting 12 meses<\/li>\n<li>Certificado SSL de seguridad \ud83e\udec6<\/li>\n<li>Plataforma Escolar b\u00e1sica institucional<\/li>\n<\/ul>\n","protected":false},"excerpt":{"rendered":"<p>Sistema de Gesti\u00f3n acad\u00e9mica web Creacion de usuarios docentes ilimitada Creacion de Grados ilimitados. Creacion de Asignaturas ilimitadas. Asignaci\u00f3n de Docente a grados. Ingreso de notas por asignaci\u00f3n. Reportes trimestrales. Ingreso de n\u00f3mina estudiantil masiva f\u00e1cil. Reportes trimestral, anual. Reporte de supletorios. Integra adicionalmente Dominio web 12 meses *.con Hosting 12 meses Certificado SSL de &hellip;<\/p>\n<p class=\"read-more\"> <a class=\" thunk-readmore button \" href=\"https:\/\/shop.kabuttosoft.com\/index.php\/producto\/academic-web-student\/\"> <span class=\"screen-reader-text\">Academic Web Student<\/span>Leer m\u00e1s<\/a><\/p>\n","protected":false},"featured_media":2773,"comment_status":"open","ping_status":"closed","template":"","meta":{"_monsterinsights_skip_tracking":false,"_monsterinsights_sitenote_active":false,"_monsterinsights_sitenote_note":"","_monsterinsights_sitenote_category":0},"product_brand":[],"product_cat":[76,50],"product_tag":[],"class_list":{"0":"post-2774","1":"product","2":"type-product","3":"status-publish","4":"has-post-thumbnail","6":"product_cat-plataformas-web","7":"product_cat-web","8":"thunk-woo-product-list","9":"opn-qv-enable","10":"open-woo-hover-zoom","11":"open-single-product-tab-horizontal","12":"open-shadow-","13":"open-shadow-hover-","15":"first","16":"instock","17":"sale","18":"purchasable","19":"product-type-simple"},"aioseo_notices":[],"jetpack_sharing_enabled":true,"_links":{"self":[{"href":"https:\/\/shop.kabuttosoft.com\/index.php\/wp-json\/wp\/v2\/product\/2774","targetHints":{"allow":["GET"]}}],"collection":[{"href":"https:\/\/shop.kabuttosoft.com\/index.php\/wp-json\/wp\/v2\/product"}],"about":[{"href":"https:\/\/shop.kabuttosoft.com\/index.php\/wp-json\/wp\/v2\/types\/product"}],"replies":[{"embeddable":true,"href":"https:\/\/shop.kabuttosoft.com\/index.php\/wp-json\/wp\/v2\/comments?post=2774"}],"wp:featuredmedia":[{"embeddable":true,"href":"https:\/\/shop.kabuttosoft.com\/index.php\/wp-json\/wp\/v2\/media\/2773"}],"wp:attachment":[{"href":"https:\/\/shop.kabuttosoft.com\/index.php\/wp-json\/wp\/v2\/media?parent=2774"}],"wp:term":[{"taxonomy":"product_brand","embeddable":true,"href":"https:\/\/shop.kabuttosoft.com\/index.php\/wp-json\/wp\/v2\/product_brand?post=2774"},{"taxonomy":"product_cat","embeddable":true,"href":"https:\/\/shop.kabuttosoft.com\/index.php\/wp-json\/wp\/v2\/product_cat?post=2774"},{"taxonomy":"product_tag","embeddable":true,"href":"https:\/\/shop.kabuttosoft.com\/index.php\/wp-json\/wp\/v2\/product_tag?post=2774"}],"curies":[{"name":"wp","href":"https:\/\/api.w.org\/{rel}","templated":true}]}}